{"id":125,"date":"2018-04-19T15:30:23","date_gmt":"2018-04-19T15:30:23","guid":{"rendered":"https:\/\/mijardinpgh.com\/index.php\/about\/"},"modified":"2024-03-21T12:48:59","modified_gmt":"2024-03-21T17:48:59","slug":"about","status":"publish","type":"page","link":"https:\/\/mijardinpgh.com\/es\/about\/","title":{"rendered":"Nosotros"},"content":{"rendered":"<div data-elementor-type=\"wp-post\" data-elementor-id=\"125\" class=\"elementor elementor-125\">\n\t\t\t\t\t\t<section class=\"elementor-section elementor-top-section elementor-element elementor-element-490825f elementor-section-content-middle elementor-section-boxed elementor-section-height-default elementor-section-height-default\" data-id=\"490825f\" data-element_type=\"section\" data-e-type=\"section\" data-settings=\"{&quot;background_background&quot;:&quot;classic&quot;,&quot;shape_divider_bottom&quot;:&quot;waves&quot;}\">\n\t\t\t\t\t\t\t<div class=\"elementor-background-overlay\"><\/div>\n\t\t\t\t\t\t<div class=\"elementor-shape elementor-shape-bottom\" aria-hidden=\"true\" data-negative=\"false\">\n\t\t\t<svg xmlns=\"http:\/\/www.w3.org\/2000\/svg\" viewbox=\"0 0 1000 100\" preserveaspectratio=\"none\">\n\t<path class=\"elementor-shape-fill\" d=\"M421.9,6.5c22.6-2.5,51.5,0.4,75.5,5.3c23.6,4.9,70.9,23.5,100.5,35.7c75.8,32.2,133.7,44.5,192.6,49.7\tc23.6,2.1,48.7,3.5,103.4-2.5c54.7-6,106.2-25.6,106.2-25.6V0H0v30.3c0,0,72,32.6,158.4,30.5c39.2-0.7,92.8-6.7,134-22.4\tc21.2-8.1,52.2-18.2,79.7-24.2C399.3,7.9,411.6,7.5,421.9,6.5z\"\/>\n<\/svg>\t\t<\/div>\n\t\t\t\t\t<div class=\"elementor-container elementor-column-gap-default\">\n\t\t\t\t\t<div class=\"elementor-column elementor-col-100 elementor-top-column elementor-element elementor-element-c46d492\" data-id=\"c46d492\" data-element_type=\"column\" data-e-type=\"column\">\n\t\t\t<div class=\"elementor-widget-wrap elementor-element-populated\">\n\t\t\t\t\t\t<div class=\"elementor-element elementor-element-aa8cf10 elementor-widget elementor-widget-spacer\" data-id=\"aa8cf10\" data-element_type=\"widget\" data-e-type=\"widget\" data-widget_type=\"spacer.default\">\n\t\t\t\t<div class=\"elementor-widget-container\">\n\t\t\t\t\t\t\t<div class=\"elementor-spacer\">\n\t\t\t<div class=\"elementor-spacer-inner\"><\/div>\n\t\t<\/div>\n\t\t\t\t\t\t<\/div>\n\t\t\t\t<\/div>\n\t\t\t\t\t<\/div>\n\t\t<\/div>\n\t\t\t\t\t<\/div>\n\t\t<\/section>\n\t\t\t\t<section class=\"elementor-section elementor-top-section elementor-element elementor-element-fc4873b elementor-section-content-middle elementor-section-boxed elementor-section-height-default elementor-section-height-default\" data-id=\"fc4873b\" data-element_type=\"section\" data-e-type=\"section\">\n\t\t\t\t\t\t<div class=\"elementor-container elementor-column-gap-default\">\n\t\t\t\t\t<div class=\"elementor-column elementor-col-100 elementor-top-column elementor-element elementor-element-8f90947\" data-id=\"8f90947\" data-element_type=\"column\" data-e-type=\"column\">\n\t\t\t<div class=\"elementor-widget-wrap elementor-element-populated\">\n\t\t\t\t\t\t<div class=\"elementor-element elementor-element-e308eb2 elementor-widget elementor-widget-heading\" data-id=\"e308eb2\" data-element_type=\"widget\" data-e-type=\"widget\" data-widget_type=\"heading.default\">\n\t\t\t\t<div class=\"elementor-widget-container\">\n\t\t\t\t\t<h2 class=\"elementor-heading-title elementor-size-default\">Bienvenidos a Mi Jard\u00edn<\/h2>\t\t\t\t<\/div>\n\t\t\t\t<\/div>\n\t\t\t\t<div class=\"elementor-element elementor-element-cd6f902 elementor-widget elementor-widget-image\" data-id=\"cd6f902\" data-element_type=\"widget\" data-e-type=\"widget\" data-widget_type=\"image.default\">\n\t\t\t\t<div class=\"elementor-widget-container\">\n\t\t\t\t\t\t\t\t\t\t\t\t\t\t\t<img decoding=\"async\" width=\"118\" height=\"17\" src=\"https:\/\/mijardinpgh.com\/wp-content\/uploads\/2018\/04\/divider-01-free-img.png\" class=\"attachment-full size-full wp-image-45\" alt=\"Divider\" \/>\t\t\t\t\t\t\t\t\t\t\t\t\t\t\t<\/div>\n\t\t\t\t<\/div>\n\t\t\t\t<div class=\"elementor-element elementor-element-88e40ca elementor-widget elementor-widget-text-editor\" data-id=\"88e40ca\" data-element_type=\"widget\" data-e-type=\"widget\" data-widget_type=\"text-editor.default\">\n\t\t\t\t<div class=\"elementor-widget-container\">\n\t\t\t\t\t\t\t\t\t<div style=\"width: 80%; margin: 0 auto; text-align: justify; font-family: 'Playfair Display', sans-serif; line-height: 1.6;\">\n    <p>Somos una comunidad de aprendizaje dedicada a la inmersi\u00f3n en el idioma Espa\u00f1ol.<\/p>\n    <p>En Mi Jard\u00edn, estamos comprometidos a proporcionar un entorno seguro, enriquecedor y de apoyo, basado en el respeto, la confianza y el amor. Nuestra filosof\u00eda de ense\u00f1anza se basa en el principio de que cada ni\u00f1o es \u00fanico, y nos esforzamos por fomentar su creatividad, alegr\u00eda y felicidad.<\/p>\n<\/div>\n\t\t\t\t\t\t\t\t<\/div>\n\t\t\t\t<\/div>\n\t\t\t\t\t<\/div>\n\t\t<\/div>\n\t\t\t\t\t<\/div>\n\t\t<\/section>\n\t\t\t\t<section class=\"elementor-section elementor-top-section elementor-element elementor-element-4943e18b elementor-section-content-top elementor-reverse-mobile elementor-section-boxed elementor-section-height-default elementor-section-height-default\" data-id=\"4943e18b\" data-element_type=\"section\" data-e-type=\"section\" data-settings=\"{&quot;background_background&quot;:&quot;classic&quot;,&quot;shape_divider_top&quot;:&quot;waves&quot;,&quot;shape_divider_bottom&quot;:&quot;waves&quot;,&quot;shape_divider_bottom_negative&quot;:&quot;yes&quot;}\">\n\t\t\t\t\t\t\t<div class=\"elementor-background-overlay\"><\/div>\n\t\t\t\t\t\t<div class=\"elementor-shape elementor-shape-top\" aria-hidden=\"true\" data-negative=\"false\">\n\t\t\t<svg xmlns=\"http:\/\/www.w3.org\/2000\/svg\" viewbox=\"0 0 1000 100\" preserveaspectratio=\"none\">\n\t<path class=\"elementor-shape-fill\" d=\"M421.9,6.5c22.6-2.5,51.5,0.4,75.5,5.3c23.6,4.9,70.9,23.5,100.5,35.7c75.8,32.2,133.7,44.5,192.6,49.7\tc23.6,2.1,48.7,3.5,103.4-2.5c54.7-6,106.2-25.6,106.2-25.6V0H0v30.3c0,0,72,32.6,158.4,30.5c39.2-0.7,92.8-6.7,134-22.4\tc21.2-8.1,52.2-18.2,79.7-24.2C399.3,7.9,411.6,7.5,421.9,6.5z\"\/>\n<\/svg>\t\t<\/div>\n\t\t\t\t<div class=\"elementor-shape elementor-shape-bottom\" aria-hidden=\"true\" data-negative=\"true\">\n\t\t\t<svg xmlns=\"http:\/\/www.w3.org\/2000\/svg\" viewbox=\"0 0 1000 100\" preserveaspectratio=\"none\">\n\t<path class=\"elementor-shape-fill\" d=\"M790.5,93.1c-59.3-5.3-116.8-18-192.6-50c-29.6-12.7-76.9-31-100.5-35.9c-23.6-4.9-52.6-7.8-75.5-5.3\tc-10.2,1.1-22.6,1.4-50.1,7.4c-27.2,6.3-58.2,16.6-79.4,24.7c-41.3,15.9-94.9,21.9-134,22.6C72,58.2,0,25.8,0,25.8V100h1000V65.3\tc0,0-51.5,19.4-106.2,25.7C839.5,97,814.1,95.2,790.5,93.1z\"\/>\n<\/svg>\t\t<\/div>\n\t\t\t\t\t<div class=\"elementor-container elementor-column-gap-no\">\n\t\t\t\t\t<div class=\"elementor-column elementor-col-50 elementor-top-column elementor-element elementor-element-6424dee5\" data-id=\"6424dee5\" data-element_type=\"column\" data-e-type=\"column\">\n\t\t\t<div class=\"elementor-widget-wrap elementor-element-populated\">\n\t\t\t\t\t\t<div class=\"elementor-element elementor-element-0d348b7 elementor-widget elementor-widget-heading\" data-id=\"0d348b7\" data-element_type=\"widget\" data-e-type=\"widget\" data-widget_type=\"heading.default\">\n\t\t\t\t<div class=\"elementor-widget-container\">\n\t\t\t\t\t<h2 class=\"elementor-heading-title elementor-size-default\">Un Poco Sobre Nosotros<\/h2>\t\t\t\t<\/div>\n\t\t\t\t<\/div>\n\t\t\t\t<div class=\"elementor-element elementor-element-448f5c20 elementor-widget elementor-widget-text-editor\" data-id=\"448f5c20\" data-element_type=\"widget\" data-e-type=\"widget\" data-widget_type=\"text-editor.default\">\n\t\t\t\t<div class=\"elementor-widget-container\">\n\t\t\t\t\t\t\t\t\t<p>En Mi Jard\u00edn, somos una escuela centrada en el ni\u00f1o, donde el profesor act\u00faa como facilitador del aprendizaje. Valoramos a cada ni\u00f1o por lo que es y lo guiamos hacia la preparaci\u00f3n para nuestra comunidad global multiling\u00fce. Creemos en la creaci\u00f3n de un equilibrio de aprendizaje y juego libre, proporcionando diversas oportunidades de aprendizaje en un entorno enriquecido.<\/p>\t\t\t\t\t\t\t\t<\/div>\n\t\t\t\t<\/div>\n\t\t\t\t<div class=\"elementor-element elementor-element-a36e2b3 elementor-widget elementor-widget-text-editor\" data-id=\"a36e2b3\" data-element_type=\"widget\" data-e-type=\"widget\" data-widget_type=\"text-editor.default\">\n\t\t\t\t<div class=\"elementor-widget-container\">\n\t\t\t\t\t\t\t\t\t<p>Nuestro enfoque de inmersi\u00f3n total en el espa\u00f1ol ofrece los mejores resultados para aprender un segundo idioma a cualquier edad. Creemos que los ni\u00f1os aprenden mejor experimentando el idioma de forma natural, por lo que hablamos espa\u00f1ol con ellos todo el d\u00eda, lo que les permite absorberlo sin esfuerzo.<\/p>\t\t\t\t\t\t\t\t<\/div>\n\t\t\t\t<\/div>\n\t\t\t\t\t<\/div>\n\t\t<\/div>\n\t\t\t\t<div class=\"elementor-column elementor-col-50 elementor-top-column elementor-element elementor-element-30e12342\" data-id=\"30e12342\" data-element_type=\"column\" data-e-type=\"column\">\n\t\t\t<div class=\"elementor-widget-wrap elementor-element-populated\">\n\t\t\t\t\t\t<div class=\"elementor-element elementor-element-197fc405 elementor-widget elementor-widget-image\" data-id=\"197fc405\" data-element_type=\"widget\" data-e-type=\"widget\" data-widget_type=\"image.default\">\n\t\t\t\t<div class=\"elementor-widget-container\">\n\t\t\t\t\t\t\t\t\t\t\t\t\t\t\t<img fetchpriority=\"high\" decoding=\"async\" width=\"3024\" height=\"4032\" src=\"https:\/\/mijardinpgh.com\/wp-content\/uploads\/2024\/03\/USO.png\" class=\"attachment-full size-full wp-image-690\" alt=\"\" srcset=\"https:\/\/mijardinpgh.com\/wp-content\/uploads\/2024\/03\/USO.png 3024w, https:\/\/mijardinpgh.com\/wp-content\/uploads\/2024\/03\/USO-225x300.png 225w, https:\/\/mijardinpgh.com\/wp-content\/uploads\/2024\/03\/USO-768x1024.png 768w, https:\/\/mijardinpgh.com\/wp-content\/uploads\/2024\/03\/USO-1152x1536.png 1152w, https:\/\/mijardinpgh.com\/wp-content\/uploads\/2024\/03\/USO-1536x2048.png 1536w, https:\/\/mijardinpgh.com\/wp-content\/uploads\/2024\/03\/USO-9x12.png 9w\" sizes=\"(max-width: 3024px) 100vw, 3024px\" \/>\t\t\t\t\t\t\t\t\t\t\t\t\t\t\t<\/div>\n\t\t\t\t<\/div>\n\t\t\t\t\t<\/div>\n\t\t<\/div>\n\t\t\t\t\t<\/div>\n\t\t<\/section>\n\t\t\t\t<section class=\"elementor-section elementor-top-section elementor-element elementor-element-36fa85d elementor-section-content-middle elementor-section-boxed elementor-section-height-default elementor-section-height-default\" data-id=\"36fa85d\" data-element_type=\"section\" data-e-type=\"section\">\n\t\t\t\t\t\t<div class=\"elementor-container elementor-column-gap-no\">\n\t\t\t\t\t<div class=\"elementor-column elementor-col-100 elementor-top-column elementor-element elementor-element-39f7e72\" data-id=\"39f7e72\" data-element_type=\"column\" data-e-type=\"column\">\n\t\t\t<div class=\"elementor-widget-wrap elementor-element-populated\">\n\t\t\t\t\t\t<div class=\"elementor-element elementor-element-54b09445 elementor-widget elementor-widget-heading\" data-id=\"54b09445\" data-element_type=\"widget\" data-e-type=\"widget\" data-widget_type=\"heading.default\">\n\t\t\t\t<div class=\"elementor-widget-container\">\n\t\t\t\t\t<h2 class=\"elementor-heading-title elementor-size-default\">Nuestro personal<\/h2>\t\t\t\t<\/div>\n\t\t\t\t<\/div>\n\t\t\t\t<section class=\"elementor-section elementor-inner-section elementor-element elementor-element-1e8fcb0 elementor-section-boxed elementor-section-height-default elementor-section-height-default\" data-id=\"1e8fcb0\" data-element_type=\"section\" data-e-type=\"section\">\n\t\t\t\t\t\t<div class=\"elementor-container elementor-column-gap-extended\">\n\t\t\t\t\t<div class=\"elementor-column elementor-col-25 elementor-inner-column elementor-element elementor-element-9fecc01\" data-id=\"9fecc01\" data-element_type=\"column\" data-e-type=\"column\">\n\t\t\t<div class=\"elementor-widget-wrap elementor-element-populated\">\n\t\t\t\t\t\t<div class=\"elementor-element elementor-element-01e323e elementor-widget elementor-widget-image\" data-id=\"01e323e\" data-element_type=\"widget\" data-e-type=\"widget\" data-widget_type=\"image.default\">\n\t\t\t\t<div class=\"elementor-widget-container\">\n\t\t\t\t\t\t\t\t\t\t\t\t\t\t\t<img decoding=\"async\" width=\"450\" height=\"450\" src=\"https:\/\/mijardinpgh.com\/wp-content\/uploads\/2024\/03\/109693900-imagen-de-marcador-de-posicion-de-perfil-silueta-gris-sin-foto-de-una-persona-en-el-avatar-la.jpg\" class=\"attachment-full size-full wp-image-909\" alt=\"\" srcset=\"https:\/\/mijardinpgh.com\/wp-content\/uploads\/2024\/03\/109693900-imagen-de-marcador-de-posicion-de-perfil-silueta-gris-sin-foto-de-una-persona-en-el-avatar-la.jpg 450w, https:\/\/mijardinpgh.com\/wp-content\/uploads\/2024\/03\/109693900-imagen-de-marcador-de-posicion-de-perfil-silueta-gris-sin-foto-de-una-persona-en-el-avatar-la-300x300.jpg 300w, https:\/\/mijardinpgh.com\/wp-content\/uploads\/2024\/03\/109693900-imagen-de-marcador-de-posicion-de-perfil-silueta-gris-sin-foto-de-una-persona-en-el-avatar-la-150x150.jpg 150w, https:\/\/mijardinpgh.com\/wp-content\/uploads\/2024\/03\/109693900-imagen-de-marcador-de-posicion-de-perfil-silueta-gris-sin-foto-de-una-persona-en-el-avatar-la-12x12.jpg 12w\" sizes=\"(max-width: 450px) 100vw, 450px\" \/>\t\t\t\t\t\t\t\t\t\t\t\t\t\t\t<\/div>\n\t\t\t\t<\/div>\n\t\t\t\t<div class=\"elementor-element elementor-element-6855ee7 elementor-widget elementor-widget-heading\" data-id=\"6855ee7\" data-element_type=\"widget\" data-e-type=\"widget\" data-widget_type=\"heading.default\">\n\t\t\t\t<div class=\"elementor-widget-container\">\n\t\t\t\t\t<h3 class=\"elementor-heading-title elementor-size-default\">Jacneth Labarca<span style=\"font-size: 2.5rem;font-style: inherit\"><\/span><\/h3>\t\t\t\t<\/div>\n\t\t\t\t<\/div>\n\t\t\t\t<div class=\"elementor-element elementor-element-4416027 elementor-widget elementor-widget-text-editor\" data-id=\"4416027\" data-element_type=\"widget\" data-e-type=\"widget\" data-widget_type=\"text-editor.default\">\n\t\t\t\t<div class=\"elementor-widget-container\">\n\t\t\t\t\t\t\t\t\t<p>Fundadora &amp; CEO<\/p>\t\t\t\t\t\t\t\t<\/div>\n\t\t\t\t<\/div>\n\t\t\t\t\t<\/div>\n\t\t<\/div>\n\t\t\t\t<div class=\"elementor-column elementor-col-25 elementor-inner-column elementor-element elementor-element-61138d1\" data-id=\"61138d1\" data-element_type=\"column\" data-e-type=\"column\">\n\t\t\t<div class=\"elementor-widget-wrap elementor-element-populated\">\n\t\t\t\t\t\t<div class=\"elementor-element elementor-element-e2c7302 elementor-widget elementor-widget-image\" data-id=\"e2c7302\" data-element_type=\"widget\" data-e-type=\"widget\" data-widget_type=\"image.default\">\n\t\t\t\t<div class=\"elementor-widget-container\">\n\t\t\t\t\t\t\t\t\t\t\t\t\t\t\t<img decoding=\"async\" width=\"450\" height=\"450\" src=\"https:\/\/mijardinpgh.com\/wp-content\/uploads\/2024\/03\/109693900-imagen-de-marcador-de-posicion-de-perfil-silueta-gris-sin-foto-de-una-persona-en-el-avatar-la.jpg\" class=\"attachment-full size-full wp-image-909\" alt=\"\" srcset=\"https:\/\/mijardinpgh.com\/wp-content\/uploads\/2024\/03\/109693900-imagen-de-marcador-de-posicion-de-perfil-silueta-gris-sin-foto-de-una-persona-en-el-avatar-la.jpg 450w, https:\/\/mijardinpgh.com\/wp-content\/uploads\/2024\/03\/109693900-imagen-de-marcador-de-posicion-de-perfil-silueta-gris-sin-foto-de-una-persona-en-el-avatar-la-300x300.jpg 300w, https:\/\/mijardinpgh.com\/wp-content\/uploads\/2024\/03\/109693900-imagen-de-marcador-de-posicion-de-perfil-silueta-gris-sin-foto-de-una-persona-en-el-avatar-la-150x150.jpg 150w, https:\/\/mijardinpgh.com\/wp-content\/uploads\/2024\/03\/109693900-imagen-de-marcador-de-posicion-de-perfil-silueta-gris-sin-foto-de-una-persona-en-el-avatar-la-12x12.jpg 12w\" sizes=\"(max-width: 450px) 100vw, 450px\" \/>\t\t\t\t\t\t\t\t\t\t\t\t\t\t\t<\/div>\n\t\t\t\t<\/div>\n\t\t\t\t<div class=\"elementor-element elementor-element-dfb152b elementor-widget elementor-widget-heading\" data-id=\"dfb152b\" data-element_type=\"widget\" data-e-type=\"widget\" data-widget_type=\"heading.default\">\n\t\t\t\t<div class=\"elementor-widget-container\">\n\t\t\t\t\t<h3 class=\"elementor-heading-title elementor-size-default\">Paoly <br>Cedeno\n<\/h3>\t\t\t\t<\/div>\n\t\t\t\t<\/div>\n\t\t\t\t<div class=\"elementor-element elementor-element-2c18622 elementor-widget elementor-widget-text-editor\" data-id=\"2c18622\" data-element_type=\"widget\" data-e-type=\"widget\" data-widget_type=\"text-editor.default\">\n\t\t\t\t<div class=\"elementor-widget-container\">\n\t\t\t\t\t\t\t\t\t<p>Profesora<\/p>\t\t\t\t\t\t\t\t<\/div>\n\t\t\t\t<\/div>\n\t\t\t\t\t<\/div>\n\t\t<\/div>\n\t\t\t\t<div class=\"elementor-column elementor-col-25 elementor-inner-column elementor-element elementor-element-73baa59\" data-id=\"73baa59\" data-element_type=\"column\" data-e-type=\"column\">\n\t\t\t<div class=\"elementor-widget-wrap elementor-element-populated\">\n\t\t\t\t\t\t<div class=\"elementor-element elementor-element-9f11ab2 elementor-widget elementor-widget-image\" data-id=\"9f11ab2\" data-element_type=\"widget\" data-e-type=\"widget\" data-widget_type=\"image.default\">\n\t\t\t\t<div class=\"elementor-widget-container\">\n\t\t\t\t\t\t\t\t\t\t\t\t\t\t\t<img loading=\"lazy\" decoding=\"async\" width=\"300\" height=\"300\" src=\"https:\/\/mijardinpgh.com\/wp-content\/uploads\/2024\/03\/109693900-imagen-de-marcador-de-posicion-de-perfil-silueta-gris-sin-foto-de-una-persona-en-el-avatar-la-300x300.jpg\" class=\"attachment-medium size-medium wp-image-909\" alt=\"\" srcset=\"https:\/\/mijardinpgh.com\/wp-content\/uploads\/2024\/03\/109693900-imagen-de-marcador-de-posicion-de-perfil-silueta-gris-sin-foto-de-una-persona-en-el-avatar-la-300x300.jpg 300w, https:\/\/mijardinpgh.com\/wp-content\/uploads\/2024\/03\/109693900-imagen-de-marcador-de-posicion-de-perfil-silueta-gris-sin-foto-de-una-persona-en-el-avatar-la-150x150.jpg 150w, https:\/\/mijardinpgh.com\/wp-content\/uploads\/2024\/03\/109693900-imagen-de-marcador-de-posicion-de-perfil-silueta-gris-sin-foto-de-una-persona-en-el-avatar-la-12x12.jpg 12w, https:\/\/mijardinpgh.com\/wp-content\/uploads\/2024\/03\/109693900-imagen-de-marcador-de-posicion-de-perfil-silueta-gris-sin-foto-de-una-persona-en-el-avatar-la.jpg 450w\" sizes=\"(max-width: 300px) 100vw, 300px\" \/>\t\t\t\t\t\t\t\t\t\t\t\t\t\t\t<\/div>\n\t\t\t\t<\/div>\n\t\t\t\t<div class=\"elementor-element elementor-element-9bec8da elementor-widget elementor-widget-heading\" data-id=\"9bec8da\" data-element_type=\"widget\" data-e-type=\"widget\" data-widget_type=\"heading.default\">\n\t\t\t\t<div class=\"elementor-widget-container\">\n\t\t\t\t\t<h3 class=\"elementor-heading-title elementor-size-default\">Miguel<br>Torrenegra<\/h3>\t\t\t\t<\/div>\n\t\t\t\t<\/div>\n\t\t\t\t<div class=\"elementor-element elementor-element-4fbcdef elementor-widget elementor-widget-text-editor\" data-id=\"4fbcdef\" data-element_type=\"widget\" data-e-type=\"widget\" data-widget_type=\"text-editor.default\">\n\t\t\t\t<div class=\"elementor-widget-container\">\n\t\t\t\t\t\t\t\t\t<p>Asistente\u00a0<\/p>\t\t\t\t\t\t\t\t<\/div>\n\t\t\t\t<\/div>\n\t\t\t\t\t<\/div>\n\t\t<\/div>\n\t\t\t\t<div class=\"elementor-column elementor-col-25 elementor-inner-column elementor-element elementor-element-4694d90\" data-id=\"4694d90\" data-element_type=\"column\" data-e-type=\"column\">\n\t\t\t<div class=\"elementor-widget-wrap elementor-element-populated\">\n\t\t\t\t\t\t<div class=\"elementor-element elementor-element-edadde9 elementor-widget elementor-widget-image\" data-id=\"edadde9\" data-element_type=\"widget\" data-e-type=\"widget\" data-widget_type=\"image.default\">\n\t\t\t\t<div class=\"elementor-widget-container\">\n\t\t\t\t\t\t\t\t\t\t\t\t\t\t\t<img loading=\"lazy\" decoding=\"async\" width=\"300\" height=\"300\" src=\"https:\/\/mijardinpgh.com\/wp-content\/uploads\/2024\/03\/109693900-imagen-de-marcador-de-posicion-de-perfil-silueta-gris-sin-foto-de-una-persona-en-el-avatar-la-300x300.jpg\" class=\"attachment-medium size-medium wp-image-909\" alt=\"\" srcset=\"https:\/\/mijardinpgh.com\/wp-content\/uploads\/2024\/03\/109693900-imagen-de-marcador-de-posicion-de-perfil-silueta-gris-sin-foto-de-una-persona-en-el-avatar-la-300x300.jpg 300w, https:\/\/mijardinpgh.com\/wp-content\/uploads\/2024\/03\/109693900-imagen-de-marcador-de-posicion-de-perfil-silueta-gris-sin-foto-de-una-persona-en-el-avatar-la-150x150.jpg 150w, https:\/\/mijardinpgh.com\/wp-content\/uploads\/2024\/03\/109693900-imagen-de-marcador-de-posicion-de-perfil-silueta-gris-sin-foto-de-una-persona-en-el-avatar-la-12x12.jpg 12w, https:\/\/mijardinpgh.com\/wp-content\/uploads\/2024\/03\/109693900-imagen-de-marcador-de-posicion-de-perfil-silueta-gris-sin-foto-de-una-persona-en-el-avatar-la.jpg 450w\" sizes=\"(max-width: 300px) 100vw, 300px\" \/>\t\t\t\t\t\t\t\t\t\t\t\t\t\t\t<\/div>\n\t\t\t\t<\/div>\n\t\t\t\t<div class=\"elementor-element elementor-element-2e4b57a elementor-widget elementor-widget-heading\" data-id=\"2e4b57a\" data-element_type=\"widget\" data-e-type=\"widget\" data-widget_type=\"heading.default\">\n\t\t\t\t<div class=\"elementor-widget-container\">\n\t\t\t\t\t<h3 class=\"elementor-heading-title elementor-size-default\">Luis<br>Torrenegra<\/h3>\t\t\t\t<\/div>\n\t\t\t\t<\/div>\n\t\t\t\t<div class=\"elementor-element elementor-element-11974c6 elementor-widget elementor-widget-text-editor\" data-id=\"11974c6\" data-element_type=\"widget\" data-e-type=\"widget\" data-widget_type=\"text-editor.default\">\n\t\t\t\t<div class=\"elementor-widget-container\">\n\t\t\t\t\t\t\t\t\t<p>Voluntario\u00a0<\/p>\t\t\t\t\t\t\t\t<\/div>\n\t\t\t\t<\/div>\n\t\t\t\t\t<\/div>\n\t\t<\/div>\n\t\t\t\t\t<\/div>\n\t\t<\/section>\n\t\t\t\t\t<\/div>\n\t\t<\/div>\n\t\t\t\t\t<\/div>\n\t\t<\/section>\n\t\t\t\t<\/div>","protected":false},"excerpt":{"rendered":"<p>Welcome to Mi Jard\u00edn We are a learning community dedicated to Spanish language. At Mi Jard\u00edn, we are committed to providing a safe, nurturing, and supportive environment, built on respect, trust, and love. Our teaching philosophy is based on the principle that each child is unique, and we strive to foster their creativity, joy, and [&hellip;]<\/p>\n","protected":false},"author":1,"featured_media":0,"parent":0,"menu_order":0,"comment_status":"closed","ping_status":"closed","template":"","meta":{"om_disable_all_campaigns":false,"_monsterinsights_skip_tracking":false,"_monsterinsights_sitenote_active":false,"_monsterinsights_sitenote_note":"","_monsterinsights_sitenote_category":0,"site-sidebar-layout":"no-sidebar","site-content-layout":"page-builder","ast-site-content-layout":"default","site-content-style":"default","site-sidebar-style":"default","ast-global-header-display":"","ast-banner-title-visibility":"","ast-main-header-display":"","ast-hfb-above-header-display":"","ast-hfb-below-header-display":"","ast-hfb-mobile-header-display":"","site-post-title":"disabled","ast-breadcrumbs-content":"","ast-featured-img":"disabled","footer-sml-layout":"","theme-transparent-header-meta":"enabled","adv-header-id-meta":"","stick-header-meta":"default","header-above-stick-meta":"","header-main-stick-meta":"","header-below-stick-meta":"","astra-migrate-meta-layouts":"default","ast-page-background-enabled":"default","ast-page-background-meta":{"desktop":{"background-color":"","background-image":"","background-repeat":"repeat","background-position":"center center","background-size":"auto","background-attachment":"scroll","background-type":"","background-media":"","overlay-type":"","overlay-color":"","overlay-opacity":"","overlay-gradient":""},"tablet":{"background-color":"","background-image":"","background-repeat":"repeat","background-position":"center center","background-size":"auto","background-attachment":"scroll","background-type":"","background-media":"","overlay-type":"","overlay-color":"","overlay-opacity":"","overlay-gradient":""},"mobile":{"background-color":"","background-image":"","background-repeat":"repeat","background-position":"center center","background-size":"auto","background-attachment":"scroll","background-type":"","background-media":"","overlay-type":"","overlay-color":"","overlay-opacity":"","overlay-gradient":""}},"ast-content-background-meta":{"desktop":{"background-color":"var(--ast-global-color-5)","background-image":"","background-repeat":"repeat","background-position":"center center","background-size":"auto","background-attachment":"scroll","background-type":"","background-media":"","overlay-type":"","overlay-color":"","overlay-opacity":"","overlay-gradient":""},"tablet":{"background-color":"var(--ast-global-color-5)","background-image":"","background-repeat":"repeat","background-position":"center center","background-size":"auto","background-attachment":"scroll","background-type":"","background-media":"","overlay-type":"","overlay-color":"","overlay-opacity":"","overlay-gradient":""},"mobile":{"background-color":"var(--ast-global-color-5)","background-image":"","background-repeat":"repeat","background-position":"center center","background-size":"auto","background-attachment":"scroll","background-type":"","background-media":"","overlay-type":"","overlay-color":"","overlay-opacity":"","overlay-gradient":""}},"_joinchat":[],"footnotes":""},"class_list":["post-125","page","type-page","status-publish","hentry"],"aioseo_notices":[],"_links":{"self":[{"href":"https:\/\/mijardinpgh.com\/es\/wp-json\/wp\/v2\/pages\/125","targetHints":{"allow":["GET"]}}],"collection":[{"href":"https:\/\/mijardinpgh.com\/es\/wp-json\/wp\/v2\/pages"}],"about":[{"href":"https:\/\/mijardinpgh.com\/es\/wp-json\/wp\/v2\/types\/page"}],"author":[{"embeddable":true,"href":"https:\/\/mijardinpgh.com\/es\/wp-json\/wp\/v2\/users\/1"}],"replies":[{"embeddable":true,"href":"https:\/\/mijardinpgh.com\/es\/wp-json\/wp\/v2\/comments?post=125"}],"version-history":[{"count":204,"href":"https:\/\/mijardinpgh.com\/es\/wp-json\/wp\/v2\/pages\/125\/revisions"}],"predecessor-version":[{"id":1511,"href":"https:\/\/mijardinpgh.com\/es\/wp-json\/wp\/v2\/pages\/125\/revisions\/1511"}],"wp:attachment":[{"href":"https:\/\/mijardinpgh.com\/es\/wp-json\/wp\/v2\/media?parent=125"}],"curies":[{"name":"wp","href":"https:\/\/api.w.org\/{rel}","templated":true}]}}